{"id":585,"date":"2020-10-05T16:15:26","date_gmt":"2020-10-05T16:15:26","guid":{"rendered":"http:\/\/sanfernandoboots.com\/site\/?page_id=585"},"modified":"2020-11-02T06:18:16","modified_gmt":"2020-11-02T06:18:16","slug":"historia","status":"publish","type":"page","link":"https:\/\/sanfernandoboots.com\/site\/historia\/","title":{"rendered":"Historia"},"content":{"rendered":"\t\t<div data-elementor-type=\"wp-page\" data-elementor-id=\"585\" class=\"elementor elementor-585\" data-elementor-settings=\"[]\">\n\t\t\t\t\t\t<div class=\"elementor-inner\">\n\t\t\t\t\t\t\t<div class=\"elementor-section-wrap\">\n\t\t\t\t\t\t\t<section class=\"elementor-section elementor-top-section elementor-element elementor-element-e028720 elementor-section-boxed elementor-section-height-default elementor-section-height-default\" data-id=\"e028720\" data-element_type=\"section\">\n\t\t\t\t\t\t<div class=\"elementor-container elementor-column-gap-default\">\n\t\t\t\t\t\t\t<div class=\"elementor-row\">\n\t\t\t\t\t<div class=\"elementor-column elementor-col-100 elementor-top-column elementor-element elementor-element-cd67f9c\" data-id=\"cd67f9c\" data-element_type=\"column\">\n\t\t\t<div class=\"elementor-column-wrap elementor-element-populated\">\n\t\t\t\t\t\t\t<div class=\"elementor-widget-wrap\">\n\t\t\t\t\t\t<div class=\"elementor-element elementor-element-97ed937 elementor-widget elementor-widget-image\" data-id=\"97ed937\" data-element_type=\"widget\" data-widget_type=\"image.default\">\n\t\t\t\t<div class=\"elementor-widget-container\">\n\t\t\t\t\t<div class=\"elementor-image\">\n\t\t\t\t\t\t\t\t\t\t<img width=\"1024\" height=\"532\" src=\"https:\/\/sanfernandoboots.com\/site\/wp-content\/uploads\/2020\/10\/IMAGEN02-HISTORIA-2-1024x532.jpg\" class=\"attachment-large size-large\" alt=\"\" loading=\"lazy\" srcset=\"https:\/\/sanfernandoboots.com\/site\/wp-content\/uploads\/2020\/10\/IMAGEN02-HISTORIA-2-1024x532.jpg 1024w, https:\/\/sanfernandoboots.com\/site\/wp-content\/uploads\/2020\/10\/IMAGEN02-HISTORIA-2-300x156.jpg 300w, https:\/\/sanfernandoboots.com\/site\/wp-content\/uploads\/2020\/10\/IMAGEN02-HISTORIA-2-768x399.jpg 768w, https:\/\/sanfernandoboots.com\/site\/wp-content\/uploads\/2020\/10\/IMAGEN02-HISTORIA-2-1536x797.jpg 1536w, https:\/\/sanfernandoboots.com\/site\/wp-content\/uploads\/2020\/10\/IMAGEN02-HISTORIA-2-830x431.jpg 830w, https:\/\/sanfernandoboots.com\/site\/wp-content\/uploads\/2020\/10\/IMAGEN02-HISTORIA-2-230x119.jpg 230w, https:\/\/sanfernandoboots.com\/site\/wp-content\/uploads\/2020\/10\/IMAGEN02-HISTORIA-2-350x182.jpg 350w, https:\/\/sanfernandoboots.com\/site\/wp-content\/uploads\/2020\/10\/IMAGEN02-HISTORIA-2-480x249.jpg 480w, https:\/\/sanfernandoboots.com\/site\/wp-content\/uploads\/2020\/10\/IMAGEN02-HISTORIA-2-600x311.jpg 600w, https:\/\/sanfernandoboots.com\/site\/wp-content\/uploads\/2020\/10\/IMAGEN02-HISTORIA-2.jpg 1969w\" sizes=\"(max-width: 1024px) 100vw, 1024px\" \/>\t\t\t\t\t\t\t\t\t\t\t<\/div>\n\t\t\t\t<\/div>\n\t\t\t\t<\/div>\n\t\t\t\t<div class=\"elementor-element elementor-element-eac89d0 elementor-widget elementor-widget-text-editor\" data-id=\"eac89d0\" data-element_type=\"widget\" data-widget_type=\"text-editor.default\">\n\t\t\t\t<div class=\"elementor-widget-container\">\n\t\t\t\t\t<div class=\"elementor-text-editor elementor-clearfix\"><\/div>\n\t\t\t\t<\/div>\n\t\t\t\t<\/div>\n\t\t\t\t\t\t<\/div>\n\t\t\t\t\t<\/div>\n\t\t<\/div>\n\t\t\t\t\t\t\t\t<\/div>\n\t\t\t\t\t<\/div>\n\t\t<\/section>\n\t\t\t\t<section class=\"elementor-section elementor-top-section elementor-element elementor-element-3a6618f elementor-section-boxed elementor-section-height-default elementor-section-height-default\" data-id=\"3a6618f\" data-element_type=\"section\">\n\t\t\t\t\t\t<div class=\"elementor-container elementor-column-gap-default\">\n\t\t\t\t\t\t\t<div class=\"elementor-row\">\n\t\t\t\t\t<div class=\"elementor-column elementor-col-50 elementor-top-column elementor-element elementor-element-885aca9\" data-id=\"885aca9\" data-element_type=\"column\">\n\t\t\t<div class=\"elementor-column-wrap elementor-element-populated\">\n\t\t\t\t\t\t\t<div class=\"elementor-widget-wrap\">\n\t\t\t\t\t\t<div class=\"elementor-element elementor-element-a4d28d5 elementor-widget elementor-widget-text-editor\" data-id=\"a4d28d5\" data-element_type=\"widget\" data-widget_type=\"text-editor.default\">\n\t\t\t\t<div class=\"elementor-widget-container\">\n\t\t\t\t\t<div class=\"elementor-text-editor elementor-clearfix\"><p>HISTORIA<br \/>A lo largo de las d\u00e9cadas hemos construido una maravillosa tradici\u00f3n que fue heredada por mis abuelos que fueron curtidores y zapateros al igual que mi padre.\u00a0\u00a0Es un orgullo seguir sus pasos de generaci\u00f3n a generaci\u00f3n, creando un producto de piel genuino, hecho a mano de 100% calidad desde Le\u00f3n Guanajuato, M\u00e9xico.\u00a0\u00a0Ofreciendo un calzado \u00fanico que lleva nuestro nombre en alto.<\/p><p>\u00a0<\/p><\/div>\n\t\t\t\t<\/div>\n\t\t\t\t<\/div>\n\t\t\t\t\t\t<\/div>\n\t\t\t\t\t<\/div>\n\t\t<\/div>\n\t\t\t\t<div class=\"elementor-column elementor-col-50 elementor-top-column elementor-element elementor-element-cde39b6\" data-id=\"cde39b6\" data-element_type=\"column\">\n\t\t\t<div class=\"elementor-column-wrap elementor-element-populated\">\n\t\t\t\t\t\t\t<div class=\"elementor-widget-wrap\">\n\t\t\t\t\t\t<div class=\"elementor-element elementor-element-786791a elementor-widget elementor-widget-image\" data-id=\"786791a\" data-element_type=\"widget\" data-widget_type=\"image.default\">\n\t\t\t\t<div class=\"elementor-widget-container\">\n\t\t\t\t\t<div class=\"elementor-image\">\n\t\t\t\t\t\t\t\t\t\t<img width=\"532\" height=\"1024\" src=\"https:\/\/sanfernandoboots.com\/site\/wp-content\/uploads\/2020\/10\/IMAGEN01-HISTORIA-1-532x1024.jpg\" class=\"attachment-large size-large\" alt=\"\" loading=\"lazy\" srcset=\"https:\/\/sanfernandoboots.com\/site\/wp-content\/uploads\/2020\/10\/IMAGEN01-HISTORIA-1-532x1024.jpg 532w, https:\/\/sanfernandoboots.com\/site\/wp-content\/uploads\/2020\/10\/IMAGEN01-HISTORIA-1-156x300.jpg 156w, https:\/\/sanfernandoboots.com\/site\/wp-content\/uploads\/2020\/10\/IMAGEN01-HISTORIA-1-768x1480.jpg 768w, https:\/\/sanfernandoboots.com\/site\/wp-content\/uploads\/2020\/10\/IMAGEN01-HISTORIA-1-797x1536.jpg 797w, https:\/\/sanfernandoboots.com\/site\/wp-content\/uploads\/2020\/10\/IMAGEN01-HISTORIA-1-830x1599.jpg 830w, https:\/\/sanfernandoboots.com\/site\/wp-content\/uploads\/2020\/10\/IMAGEN01-HISTORIA-1-230x443.jpg 230w, https:\/\/sanfernandoboots.com\/site\/wp-content\/uploads\/2020\/10\/IMAGEN01-HISTORIA-1-350x674.jpg 350w, https:\/\/sanfernandoboots.com\/site\/wp-content\/uploads\/2020\/10\/IMAGEN01-HISTORIA-1-480x925.jpg 480w, https:\/\/sanfernandoboots.com\/site\/wp-content\/uploads\/2020\/10\/IMAGEN01-HISTORIA-1-600x1156.jpg 600w, https:\/\/sanfernandoboots.com\/site\/wp-content\/uploads\/2020\/10\/IMAGEN01-HISTORIA-1.jpg 1022w\" sizes=\"(max-width: 532px) 100vw, 532px\" \/>\t\t\t\t\t\t\t\t\t\t\t<\/div>\n\t\t\t\t<\/div>\n\t\t\t\t<\/div>\n\t\t\t\t\t\t<\/div>\n\t\t\t\t\t<\/div>\n\t\t<\/div>\n\t\t\t\t\t\t\t\t<\/div>\n\t\t\t\t\t<\/div>\n\t\t<\/section>\n\t\t\t\t\t\t<\/div>\n\t\t\t\t\t\t<\/div>\n\t\t\t\t\t<\/div>\n\t\t","protected":false},"excerpt":{"rendered":"<p>HISTORIAA lo largo de las d\u00e9cadas hemos construido una maravillosa tradici\u00f3n que fue heredada por mis abuelos que fueron curtidores y zapateros [&hellip;]<\/p>\n","protected":false},"author":1,"featured_media":0,"parent":0,"menu_order":0,"comment_status":"closed","ping_status":"closed","template":"page-templates\/page_fullwidth.php","meta":[],"_links":{"self":[{"href":"https:\/\/sanfernandoboots.com\/site\/wp-json\/wp\/v2\/pages\/585"}],"collection":[{"href":"https:\/\/sanfernandoboots.com\/site\/wp-json\/wp\/v2\/pages"}],"about":[{"href":"https:\/\/sanfernandoboots.com\/site\/wp-json\/wp\/v2\/types\/page"}],"author":[{"embeddable":true,"href":"https:\/\/sanfernandoboots.com\/site\/wp-json\/wp\/v2\/users\/1"}],"replies":[{"embeddable":true,"href":"https:\/\/sanfernandoboots.com\/site\/wp-json\/wp\/v2\/comments?post=585"}],"version-history":[{"count":11,"href":"https:\/\/sanfernandoboots.com\/site\/wp-json\/wp\/v2\/pages\/585\/revisions"}],"predecessor-version":[{"id":823,"href":"https:\/\/sanfernandoboots.com\/site\/wp-json\/wp\/v2\/pages\/585\/revisions\/823"}],"wp:attachment":[{"href":"https:\/\/sanfernandoboots.com\/site\/wp-json\/wp\/v2\/media?parent=585"}],"curies":[{"name":"wp","href":"https:\/\/api.w.org\/{rel}","templated":true}]}}