{"id":583,"date":"2020-10-05T16:15:12","date_gmt":"2020-10-05T16:15:12","guid":{"rendered":"http:\/\/sanfernandoboots.com\/site\/?page_id=583"},"modified":"2020-11-02T06:16:42","modified_gmt":"2020-11-02T06:16:42","slug":"infantil","status":"publish","type":"page","link":"https:\/\/sanfernandoboots.com\/site\/infantil\/","title":{"rendered":"Ni\u00f1a"},"content":{"rendered":"\t\t<div data-elementor-type=\"wp-page\" data-elementor-id=\"583\" class=\"elementor elementor-583\" data-elementor-settings=\"[]\">\n\t\t\t\t\t\t<div class=\"elementor-inner\">\n\t\t\t\t\t\t\t<div class=\"elementor-section-wrap\">\n\t\t\t\t\t\t\t<section class=\"elementor-section elementor-top-section elementor-element elementor-element-c25c3ef elementor-section-boxed elementor-section-height-default elementor-section-height-default\" data-id=\"c25c3ef\" data-element_type=\"section\">\n\t\t\t\t\t\t<div class=\"elementor-container elementor-column-gap-default\">\n\t\t\t\t\t\t\t<div class=\"elementor-row\">\n\t\t\t\t\t<div class=\"elementor-column elementor-col-100 elementor-top-column elementor-element elementor-element-8080134\" data-id=\"8080134\" data-element_type=\"column\">\n\t\t\t<div class=\"elementor-column-wrap elementor-element-populated\">\n\t\t\t\t\t\t\t<div class=\"elementor-widget-wrap\">\n\t\t\t\t\t\t<div class=\"elementor-element elementor-element-6a59ea5 elementor-widget-divider--view-line elementor-widget elementor-widget-divider\" data-id=\"6a59ea5\" data-element_type=\"widget\" data-widget_type=\"divider.default\">\n\t\t\t\t<div class=\"elementor-widget-container\">\n\t\t\t\t\t<div class=\"elementor-divider\">\n\t\t\t<span class=\"elementor-divider-separator\">\n\t\t\t\t\t\t<\/span>\n\t\t<\/div>\n\t\t\t\t<\/div>\n\t\t\t\t<\/div>\n\t\t\t\t<div class=\"elementor-element elementor-element-de19629 elementor-widget elementor-widget-image\" data-id=\"de19629\" data-element_type=\"widget\" data-widget_type=\"image.default\">\n\t\t\t\t<div class=\"elementor-widget-container\">\n\t\t\t\t\t<div class=\"elementor-image\">\n\t\t\t\t\t\t\t\t\t\t<img width=\"1024\" height=\"565\" src=\"https:\/\/sanfernandoboots.com\/site\/wp-content\/uploads\/2020\/10\/BANNERnina-5-1024x565.jpg\" class=\"attachment-large size-large\" alt=\"\" loading=\"lazy\" srcset=\"https:\/\/sanfernandoboots.com\/site\/wp-content\/uploads\/2020\/10\/BANNERnina-5-1024x565.jpg 1024w, https:\/\/sanfernandoboots.com\/site\/wp-content\/uploads\/2020\/10\/BANNERnina-5-300x166.jpg 300w, https:\/\/sanfernandoboots.com\/site\/wp-content\/uploads\/2020\/10\/BANNERnina-5-768x424.jpg 768w, https:\/\/sanfernandoboots.com\/site\/wp-content\/uploads\/2020\/10\/BANNERnina-5-830x458.jpg 830w, https:\/\/sanfernandoboots.com\/site\/wp-content\/uploads\/2020\/10\/BANNERnina-5-230x127.jpg 230w, https:\/\/sanfernandoboots.com\/site\/wp-content\/uploads\/2020\/10\/BANNERnina-5-350x193.jpg 350w, https:\/\/sanfernandoboots.com\/site\/wp-content\/uploads\/2020\/10\/BANNERnina-5-480x265.jpg 480w, https:\/\/sanfernandoboots.com\/site\/wp-content\/uploads\/2020\/10\/BANNERnina-5-600x331.jpg 600w, https:\/\/sanfernandoboots.com\/site\/wp-content\/uploads\/2020\/10\/BANNERnina-5.jpg 1268w\" sizes=\"(max-width: 1024px) 100vw, 1024px\" \/>\t\t\t\t\t\t\t\t\t\t\t<\/div>\n\t\t\t\t<\/div>\n\t\t\t\t<\/div>\n\t\t\t\t\t\t<\/div>\n\t\t\t\t\t<\/div>\n\t\t<\/div>\n\t\t\t\t\t\t\t\t<\/div>\n\t\t\t\t\t<\/div>\n\t\t<\/section>\n\t\t\t\t<section class=\"elementor-section elementor-top-section elementor-element elementor-element-e43e915 elementor-section-boxed elementor-section-height-default elementor-section-height-default\" data-id=\"e43e915\" data-element_type=\"section\">\n\t\t\t\t\t\t<div class=\"elementor-container elementor-column-gap-default\">\n\t\t\t\t\t\t\t<div class=\"elementor-row\">\n\t\t\t\t\t<div class=\"elementor-column elementor-col-100 elementor-top-column elementor-element elementor-element-1d4c5b9\" data-id=\"1d4c5b9\" data-element_type=\"column\">\n\t\t\t<div class=\"elementor-column-wrap elementor-element-populated\">\n\t\t\t\t\t\t\t<div class=\"elementor-widget-wrap\">\n\t\t\t\t\t\t<div class=\"elementor-element elementor-element-4b17c76 elementor-widget elementor-widget-spacer\" data-id=\"4b17c76\" data-element_type=\"widget\" data-widget_type=\"spacer.default\">\n\t\t\t\t<div class=\"elementor-widget-container\">\n\t\t\t\t\t<div class=\"elementor-spacer\">\n\t\t\t<div class=\"elementor-spacer-inner\"><\/div>\n\t\t<\/div>\n\t\t\t\t<\/div>\n\t\t\t\t<\/div>\n\t\t\t\t\t\t<\/div>\n\t\t\t\t\t<\/div>\n\t\t<\/div>\n\t\t\t\t\t\t\t\t<\/div>\n\t\t\t\t\t<\/div>\n\t\t<\/section>\n\t\t\t\t<section class=\"elementor-section elementor-top-section elementor-element elementor-element-41708e8 elementor-section-boxed elementor-section-height-default elementor-section-height-default\" data-id=\"41708e8\" data-element_type=\"section\">\n\t\t\t\t\t\t<div class=\"elementor-container elementor-column-gap-default\">\n\t\t\t\t\t\t\t<div class=\"elementor-row\">\n\t\t\t\t\t<div class=\"elementor-column elementor-col-50 elementor-top-column elementor-element elementor-element-0059b0d\" data-id=\"0059b0d\" data-element_type=\"column\">\n\t\t\t<div class=\"elementor-column-wrap elementor-element-populated\">\n\t\t\t\t\t\t\t<div class=\"elementor-widget-wrap\">\n\t\t\t\t\t\t<div class=\"elementor-element elementor-element-bfc06f0 elementor-widget elementor-widget-image\" data-id=\"bfc06f0\" data-element_type=\"widget\" data-widget_type=\"image.default\">\n\t\t\t\t<div class=\"elementor-widget-container\">\n\t\t\t\t\t<div class=\"elementor-image\">\n\t\t\t\t\t\t\t\t\t\t\t<a href=\"http:\/\/sanfernandoboots.com\/site\/wp-content\/uploads\/2020\/10\/NIN\u0303A.jpg\" data-elementor-open-lightbox=\"yes\" data-elementor-lightbox-title=\"NIN\u0303A\">\n\t\t\t\t\t\t\t<img width=\"300\" height=\"300\" src=\"https:\/\/sanfernandoboots.com\/site\/wp-content\/uploads\/2020\/10\/NIN\u0303A-300x300.jpg\" class=\"attachment-medium size-medium\" alt=\"\" loading=\"lazy\" srcset=\"https:\/\/sanfernandoboots.com\/site\/wp-content\/uploads\/2020\/10\/NIN\u0303A-300x300.jpg 300w, https:\/\/sanfernandoboots.com\/site\/wp-content\/uploads\/2020\/10\/NIN\u0303A-1024x1024.jpg 1024w, https:\/\/sanfernandoboots.com\/site\/wp-content\/uploads\/2020\/10\/NIN\u0303A-150x150.jpg 150w, https:\/\/sanfernandoboots.com\/site\/wp-content\/uploads\/2020\/10\/NIN\u0303A-768x768.jpg 768w, https:\/\/sanfernandoboots.com\/site\/wp-content\/uploads\/2020\/10\/NIN\u0303A-830x830.jpg 830w, https:\/\/sanfernandoboots.com\/site\/wp-content\/uploads\/2020\/10\/NIN\u0303A-230x230.jpg 230w, https:\/\/sanfernandoboots.com\/site\/wp-content\/uploads\/2020\/10\/NIN\u0303A-350x350.jpg 350w, https:\/\/sanfernandoboots.com\/site\/wp-content\/uploads\/2020\/10\/NIN\u0303A-480x480.jpg 480w, https:\/\/sanfernandoboots.com\/site\/wp-content\/uploads\/2020\/10\/NIN\u0303A-600x600.jpg 600w, https:\/\/sanfernandoboots.com\/site\/wp-content\/uploads\/2020\/10\/NIN\u0303A-100x100.jpg 100w, https:\/\/sanfernandoboots.com\/site\/wp-content\/uploads\/2020\/10\/NIN\u0303A.jpg 1100w\" sizes=\"(max-width: 300px) 100vw, 300px\" \/>\t\t\t\t\t\t\t\t<\/a>\n\t\t\t\t\t\t\t\t\t\t\t<\/div>\n\t\t\t\t<\/div>\n\t\t\t\t<\/div>\n\t\t\t\t<div class=\"elementor-element elementor-element-34df05d elementor-widget elementor-widget-heading\" data-id=\"34df05d\" data-element_type=\"widget\" data-widget_type=\"heading.default\">\n\t\t\t\t<div class=\"elementor-widget-container\">\n\t\t\t<h2 class=\"elementor-heading-title elementor-size-default\">BOTA PARA NI\u00d1A<\/h2>\t\t<\/div>\n\t\t\t\t<\/div>\n\t\t\t\t<div class=\"elementor-element elementor-element-d528b67 elementor-widget elementor-widget-text-editor\" data-id=\"d528b67\" data-element_type=\"widget\" data-widget_type=\"text-editor.default\">\n\t\t\t\t<div class=\"elementor-widget-container\">\n\t\t\t\t\t<div class=\"elementor-text-editor elementor-clearfix\"><p>Horma: 250J Modelo Larva con <strong>Piel Crack<\/strong> Color Orix 100 % de piel original, dise\u00f1o hecho a mano, punta semi cuadrada con suela de piel.<\/p><p>\u00a0<\/p><\/div>\n\t\t\t\t<\/div>\n\t\t\t\t<\/div>\n\t\t\t\t\t\t<\/div>\n\t\t\t\t\t<\/div>\n\t\t<\/div>\n\t\t\t\t<div class=\"elementor-column elementor-col-50 elementor-top-column elementor-element elementor-element-d061106\" data-id=\"d061106\" data-element_type=\"column\">\n\t\t\t<div class=\"elementor-column-wrap elementor-element-populated\">\n\t\t\t\t\t\t\t<div class=\"elementor-widget-wrap\">\n\t\t\t\t\t\t<div class=\"elementor-element elementor-element-f5eba26 elementor-widget elementor-widget-image\" data-id=\"f5eba26\" data-element_type=\"widget\" data-widget_type=\"image.default\">\n\t\t\t\t<div class=\"elementor-widget-container\">\n\t\t\t\t\t<div class=\"elementor-image\">\n\t\t\t\t\t\t\t\t\t\t\t<a href=\"http:\/\/sanfernandoboots.com\/site\/wp-content\/uploads\/2020\/10\/NIN\u0303A2.jpg\" data-elementor-open-lightbox=\"yes\" data-elementor-lightbox-title=\"NIN\u0303A2\">\n\t\t\t\t\t\t\t<img width=\"300\" height=\"300\" src=\"https:\/\/sanfernandoboots.com\/site\/wp-content\/uploads\/2020\/10\/NIN\u0303A2-300x300.jpg\" class=\"attachment-medium size-medium\" alt=\"\" loading=\"lazy\" srcset=\"https:\/\/sanfernandoboots.com\/site\/wp-content\/uploads\/2020\/10\/NIN\u0303A2-300x300.jpg 300w, https:\/\/sanfernandoboots.com\/site\/wp-content\/uploads\/2020\/10\/NIN\u0303A2-1024x1024.jpg 1024w, https:\/\/sanfernandoboots.com\/site\/wp-content\/uploads\/2020\/10\/NIN\u0303A2-150x150.jpg 150w, https:\/\/sanfernandoboots.com\/site\/wp-content\/uploads\/2020\/10\/NIN\u0303A2-768x768.jpg 768w, https:\/\/sanfernandoboots.com\/site\/wp-content\/uploads\/2020\/10\/NIN\u0303A2-830x830.jpg 830w, https:\/\/sanfernandoboots.com\/site\/wp-content\/uploads\/2020\/10\/NIN\u0303A2-230x230.jpg 230w, https:\/\/sanfernandoboots.com\/site\/wp-content\/uploads\/2020\/10\/NIN\u0303A2-350x350.jpg 350w, https:\/\/sanfernandoboots.com\/site\/wp-content\/uploads\/2020\/10\/NIN\u0303A2-480x480.jpg 480w, https:\/\/sanfernandoboots.com\/site\/wp-content\/uploads\/2020\/10\/NIN\u0303A2-600x600.jpg 600w, https:\/\/sanfernandoboots.com\/site\/wp-content\/uploads\/2020\/10\/NIN\u0303A2-100x100.jpg 100w, https:\/\/sanfernandoboots.com\/site\/wp-content\/uploads\/2020\/10\/NIN\u0303A2.jpg 1100w\" sizes=\"(max-width: 300px) 100vw, 300px\" \/>\t\t\t\t\t\t\t\t<\/a>\n\t\t\t\t\t\t\t\t\t\t\t<\/div>\n\t\t\t\t<\/div>\n\t\t\t\t<\/div>\n\t\t\t\t<div class=\"elementor-element elementor-element-b028a1b elementor-widget elementor-widget-heading\" data-id=\"b028a1b\" data-element_type=\"widget\" data-widget_type=\"heading.default\">\n\t\t\t\t<div class=\"elementor-widget-container\">\n\t\t\t<h2 class=\"elementor-heading-title elementor-size-default\">BOTA PARA NI\u00d1A<\/h2>\t\t<\/div>\n\t\t\t\t<\/div>\n\t\t\t\t<div class=\"elementor-element elementor-element-f2f4bff elementor-widget elementor-widget-text-editor\" data-id=\"f2f4bff\" data-element_type=\"widget\" data-widget_type=\"text-editor.default\">\n\t\t\t\t<div class=\"elementor-widget-container\">\n\t\t\t\t\t<div class=\"elementor-text-editor elementor-clearfix\"><p>Horma: B\u00e1sica Modelo Rosses <strong>Piel Crack<\/strong> Color Caf\u00e9: 100% de piel original, dise\u00f1o hecho a mano con bordado, punta semi puntal y suela de piel.<\/p><p>\u00a0<\/p><\/div>\n\t\t\t\t<\/div>\n\t\t\t\t<\/div>\n\t\t\t\t\t\t<\/div>\n\t\t\t\t\t<\/div>\n\t\t<\/div>\n\t\t\t\t\t\t\t\t<\/div>\n\t\t\t\t\t<\/div>\n\t\t<\/section>\n\t\t\t\t<section class=\"elementor-section elementor-top-section elementor-element elementor-element-9dafa07 elementor-section-boxed elementor-section-height-default elementor-section-height-default\" data-id=\"9dafa07\" data-element_type=\"section\">\n\t\t\t\t\t\t<div class=\"elementor-container elementor-column-gap-default\">\n\t\t\t\t\t\t\t<div class=\"elementor-row\">\n\t\t\t\t\t<div class=\"elementor-column elementor-col-100 elementor-top-column elementor-element elementor-element-78c37b8\" data-id=\"78c37b8\" data-element_type=\"column\">\n\t\t\t<div class=\"elementor-column-wrap elementor-element-populated\">\n\t\t\t\t\t\t\t<div class=\"elementor-widget-wrap\">\n\t\t\t\t\t\t<div class=\"elementor-element elementor-element-87cce2c elementor-widget elementor-widget-spacer\" data-id=\"87cce2c\" data-element_type=\"widget\" data-widget_type=\"spacer.default\">\n\t\t\t\t<div class=\"elementor-widget-container\">\n\t\t\t\t\t<div class=\"elementor-spacer\">\n\t\t\t<div class=\"elementor-spacer-inner\"><\/div>\n\t\t<\/div>\n\t\t\t\t<\/div>\n\t\t\t\t<\/div>\n\t\t\t\t\t\t<\/div>\n\t\t\t\t\t<\/div>\n\t\t<\/div>\n\t\t\t\t\t\t\t\t<\/div>\n\t\t\t\t\t<\/div>\n\t\t<\/section>\n\t\t\t\t<section class=\"elementor-section elementor-top-section elementor-element elementor-element-7278374 elementor-section-boxed elementor-section-height-default elementor-section-height-default\" data-id=\"7278374\" data-element_type=\"section\">\n\t\t\t\t\t\t<div class=\"elementor-container elementor-column-gap-default\">\n\t\t\t\t\t\t\t<div class=\"elementor-row\">\n\t\t\t\t\t<div class=\"elementor-column elementor-col-100 elementor-top-column elementor-element elementor-element-ba7affb\" data-id=\"ba7affb\" data-element_type=\"column\">\n\t\t\t<div class=\"elementor-column-wrap elementor-element-populated\">\n\t\t\t\t\t\t\t<div class=\"elementor-widget-wrap\">\n\t\t\t\t\t\t<div class=\"elementor-element elementor-element-59c7256 elementor-widget elementor-widget-image\" data-id=\"59c7256\" data-element_type=\"widget\" data-widget_type=\"image.default\">\n\t\t\t\t<div class=\"elementor-widget-container\">\n\t\t\t\t\t<div class=\"elementor-image\">\n\t\t\t\t\t\t\t\t\t\t\t<a href=\"http:\/\/sanfernandoboots.com\/site\/wp-content\/uploads\/2020\/10\/NIN\u0303A3.jpg\" data-elementor-open-lightbox=\"yes\" data-elementor-lightbox-title=\"NIN\u0303A3\">\n\t\t\t\t\t\t\t<img width=\"300\" height=\"300\" src=\"https:\/\/sanfernandoboots.com\/site\/wp-content\/uploads\/2020\/10\/NIN\u0303A3-300x300.jpg\" class=\"attachment-medium size-medium\" alt=\"\" loading=\"lazy\" srcset=\"https:\/\/sanfernandoboots.com\/site\/wp-content\/uploads\/2020\/10\/NIN\u0303A3-300x300.jpg 300w, https:\/\/sanfernandoboots.com\/site\/wp-content\/uploads\/2020\/10\/NIN\u0303A3-1024x1024.jpg 1024w, https:\/\/sanfernandoboots.com\/site\/wp-content\/uploads\/2020\/10\/NIN\u0303A3-150x150.jpg 150w, https:\/\/sanfernandoboots.com\/site\/wp-content\/uploads\/2020\/10\/NIN\u0303A3-768x768.jpg 768w, https:\/\/sanfernandoboots.com\/site\/wp-content\/uploads\/2020\/10\/NIN\u0303A3-830x830.jpg 830w, https:\/\/sanfernandoboots.com\/site\/wp-content\/uploads\/2020\/10\/NIN\u0303A3-230x230.jpg 230w, https:\/\/sanfernandoboots.com\/site\/wp-content\/uploads\/2020\/10\/NIN\u0303A3-350x350.jpg 350w, https:\/\/sanfernandoboots.com\/site\/wp-content\/uploads\/2020\/10\/NIN\u0303A3-480x480.jpg 480w, https:\/\/sanfernandoboots.com\/site\/wp-content\/uploads\/2020\/10\/NIN\u0303A3-600x600.jpg 600w, https:\/\/sanfernandoboots.com\/site\/wp-content\/uploads\/2020\/10\/NIN\u0303A3-100x100.jpg 100w, https:\/\/sanfernandoboots.com\/site\/wp-content\/uploads\/2020\/10\/NIN\u0303A3.jpg 1100w\" sizes=\"(max-width: 300px) 100vw, 300px\" \/>\t\t\t\t\t\t\t\t<\/a>\n\t\t\t\t\t\t\t\t\t\t\t<\/div>\n\t\t\t\t<\/div>\n\t\t\t\t<\/div>\n\t\t\t\t<div class=\"elementor-element elementor-element-9875788 elementor-widget elementor-widget-heading\" data-id=\"9875788\" data-element_type=\"widget\" data-widget_type=\"heading.default\">\n\t\t\t\t<div class=\"elementor-widget-container\">\n\t\t\t<h2 class=\"elementor-heading-title elementor-size-default\">BOTA PARA NI\u00d1A<\/h2>\t\t<\/div>\n\t\t\t\t<\/div>\n\t\t\t\t<div class=\"elementor-element elementor-element-c9ede86 elementor-widget elementor-widget-text-editor\" data-id=\"c9ede86\" data-element_type=\"widget\" data-widget_type=\"text-editor.default\">\n\t\t\t\t<div class=\"elementor-widget-container\">\n\t\t\t\t\t<div class=\"elementor-text-editor elementor-clearfix\"><p>Horma: 250J <strong>Modelo Country<\/strong> Piel Crack Color Caf\u00e9: Para Ni\u00f1a 100 % de piel original, dise\u00f1o hecho a mano con bordado, punta semi cuadrada y suela de piel.<\/p><p>\u00a0<\/p><\/div>\n\t\t\t\t<\/div>\n\t\t\t\t<\/div>\n\t\t\t\t\t\t<\/div>\n\t\t\t\t\t<\/div>\n\t\t<\/div>\n\t\t\t\t\t\t\t\t<\/div>\n\t\t\t\t\t<\/div>\n\t\t<\/section>\n\t\t\t\t<section class=\"elementor-section elementor-top-section elementor-element elementor-element-ff131f9 elementor-section-boxed elementor-section-height-default elementor-section-height-default\" data-id=\"ff131f9\" data-element_type=\"section\">\n\t\t\t\t\t\t<div class=\"elementor-container elementor-column-gap-default\">\n\t\t\t\t\t\t\t<div class=\"elementor-row\">\n\t\t\t\t\t<div class=\"elementor-column elementor-col-100 elementor-top-column elementor-element elementor-element-8590c7e\" data-id=\"8590c7e\" data-element_type=\"column\">\n\t\t\t<div class=\"elementor-column-wrap elementor-element-populated\">\n\t\t\t\t\t\t\t<div class=\"elementor-widget-wrap\">\n\t\t\t\t\t\t<div class=\"elementor-element elementor-element-20d436b elementor-widget elementor-widget-spacer\" data-id=\"20d436b\" data-element_type=\"widget\" data-widget_type=\"spacer.default\">\n\t\t\t\t<div class=\"elementor-widget-container\">\n\t\t\t\t\t<div class=\"elementor-spacer\">\n\t\t\t<div class=\"elementor-spacer-inner\"><\/div>\n\t\t<\/div>\n\t\t\t\t<\/div>\n\t\t\t\t<\/div>\n\t\t\t\t\t\t<\/div>\n\t\t\t\t\t<\/div>\n\t\t<\/div>\n\t\t\t\t\t\t\t\t<\/div>\n\t\t\t\t\t<\/div>\n\t\t<\/section>\n\t\t\t\t<section class=\"elementor-section elementor-top-section elementor-element elementor-element-ab37568 elementor-section-boxed elementor-section-height-default elementor-section-height-default\" data-id=\"ab37568\" data-element_type=\"section\">\n\t\t\t\t\t\t<div class=\"elementor-container elementor-column-gap-default\">\n\t\t\t\t\t\t\t<div class=\"elementor-row\">\n\t\t\t\t\t<div class=\"elementor-column elementor-col-100 elementor-top-column elementor-element elementor-element-4408190\" data-id=\"4408190\" data-element_type=\"column\">\n\t\t\t<div class=\"elementor-column-wrap\">\n\t\t\t\t\t\t\t<div class=\"elementor-widget-wrap\">\n\t\t\t\t\t\t\t\t<\/div>\n\t\t\t\t\t<\/div>\n\t\t<\/div>\n\t\t\t\t\t\t\t\t<\/div>\n\t\t\t\t\t<\/div>\n\t\t<\/section>\n\t\t\t\t\t\t<\/div>\n\t\t\t\t\t\t<\/div>\n\t\t\t\t\t<\/div>\n\t\t","protected":false},"excerpt":{"rendered":"<p>BOTA PARA NI\u00d1A Horma: 250J Modelo Larva con Piel Crack Color Orix 100 % de piel original, dise\u00f1o hecho a mano, punta [&hellip;]<\/p>\n","protected":false},"author":1,"featured_media":0,"parent":0,"menu_order":0,"comment_status":"closed","ping_status":"closed","template":"page-templates\/page_fullwidth.php","meta":[],"_links":{"self":[{"href":"https:\/\/sanfernandoboots.com\/site\/wp-json\/wp\/v2\/pages\/583"}],"collection":[{"href":"https:\/\/sanfernandoboots.com\/site\/wp-json\/wp\/v2\/pages"}],"about":[{"href":"https:\/\/sanfernandoboots.com\/site\/wp-json\/wp\/v2\/types\/page"}],"author":[{"embeddable":true,"href":"https:\/\/sanfernandoboots.com\/site\/wp-json\/wp\/v2\/users\/1"}],"replies":[{"embeddable":true,"href":"https:\/\/sanfernandoboots.com\/site\/wp-json\/wp\/v2\/comments?post=583"}],"version-history":[{"count":15,"href":"https:\/\/sanfernandoboots.com\/site\/wp-json\/wp\/v2\/pages\/583\/revisions"}],"predecessor-version":[{"id":821,"href":"https:\/\/sanfernandoboots.com\/site\/wp-json\/wp\/v2\/pages\/583\/revisions\/821"}],"wp:attachment":[{"href":"https:\/\/sanfernandoboots.com\/site\/wp-json\/wp\/v2\/media?parent=583"}],"curies":[{"name":"wp","href":"https:\/\/api.w.org\/{rel}","templated":true}]}}